{"id":2368,"date":"2023-05-26T09:26:04","date_gmt":"2023-05-26T07:26:04","guid":{"rendered":"https:\/\/mitcreators.com\/nuestros-clientes\/"},"modified":"2025-05-27T12:23:12","modified_gmt":"2025-05-27T10:23:12","slug":"nuestros-clientes","status":"publish","type":"page","link":"https:\/\/mitcreators.com\/es\/nuestros-clientes\/","title":{"rendered":"Nuestros clientes"},"content":{"rendered":"\t\t<div data-elementor-type=\"wp-page\" data-elementor-id=\"2368\" class=\"elementor elementor-2368 elementor-293\" data-elementor-post-type=\"page\">\n\t\t\t\t<div class=\"elementor-element elementor-element-812ab11 e-flex e-con-boxed e-con e-parent\" data-id=\"812ab11\" data-element_type=\"container\" data-e-type=\"container\">\n\t\t\t\t\t<div class=\"e-con-inner\">\n\t\t\t\t<div class=\"elementor-element elementor-element-f936603 elementor-widget elementor-widget-heading\" data-id=\"f936603\" data-element_type=\"widget\" data-e-type=\"widget\" data-widget_type=\"heading.default\">\n\t\t\t\t<div class=\"elementor-widget-container\">\n\t\t\t\t\t<h1 class=\"elementor-heading-title elementor-size-default\">Nuestros clientes<\/h1>\t\t\t\t<\/div>\n\t\t\t\t<\/div>\n\t\t\t\t\t<\/div>\n\t\t\t\t<\/div>\n\t\t<div class=\"elementor-element elementor-element-6e6524d e-flex e-con-boxed e-con e-parent\" data-id=\"6e6524d\" data-element_type=\"container\" data-e-type=\"container\">\n\t\t\t\t\t<div class=\"e-con-inner\">\n\t\t\t\t<div class=\"elementor-element elementor-element-a1af6c4 elementor-widget elementor-widget-text-editor\" data-id=\"a1af6c4\" data-element_type=\"widget\" data-e-type=\"widget\" data-widget_type=\"text-editor.default\">\n\t\t\t\t<div class=\"elementor-widget-container\">\n\t\t\t\t\t\t\t\t\t<p>Nuestros clientes son empresas multinacionales de sectores como el tecnol\u00f3gico y el farmac\u00e9utico, con oficinas en todo el mundo. Sin embargo, ning\u00fan evento es demasiado peque\u00f1o o demasiado grande para nosotros. Tanto si se trata de un evento de creaci\u00f3n de equipos para una peque\u00f1a empresa emergente como de una conferencia para toda la empresa de una multinacional, abordamos cada proyecto con el mismo nivel de dedicaci\u00f3n y profesionalidad y estaremos encantados de trabajar con usted.  <\/p>\t\t\t\t\t\t\t\t<\/div>\n\t\t\t\t<\/div>\n\t\t\t\t\t<\/div>\n\t\t\t\t<\/div>\n\t\t<div class=\"elementor-element elementor-element-b5fb318 e-flex e-con-boxed e-con e-parent\" data-id=\"b5fb318\" data-element_type=\"container\" data-e-type=\"container\">\n\t\t\t\t\t<div class=\"e-con-inner\">\n\t\t\t\t<div class=\"elementor-element elementor-element-174964a elementor-widget elementor-widget-heading\" data-id=\"174964a\" data-element_type=\"widget\" data-e-type=\"widget\" data-widget_type=\"heading.default\">\n\t\t\t\t<div class=\"elementor-widget-container\">\n\t\t\t\t\t<h4 class=\"elementor-heading-title elementor-size-default\">Algunos de nuestros clientes satisfechos<\/h4>\t\t\t\t<\/div>\n\t\t\t\t<\/div>\n\t\t\t\t<div class=\"elementor-element elementor-element-3f99d44 elementor-pagination-position-inside elementor-widget elementor-widget-global elementor-global-2471 elementor-global-454 elementor-widget-image-carousel\" data-id=\"3f99d44\" data-element_type=\"widget\" data-e-type=\"widget\" data-settings=\"{&quot;slides_to_show&quot;:&quot;6&quot;,&quot;slides_to_scroll&quot;:&quot;1&quot;,&quot;navigation&quot;:&quot;dots&quot;,&quot;speed&quot;:1000,&quot;slides_to_show_tablet&quot;:&quot;4&quot;,&quot;slides_to_show_mobile&quot;:&quot;3&quot;,&quot;autoplay&quot;:&quot;yes&quot;,&quot;pause_on_hover&quot;:&quot;yes&quot;,&quot;pause_on_interaction&quot;:&quot;yes&quot;,&quot;autoplay_speed&quot;:5000,&quot;infinite&quot;:&quot;yes&quot;}\" data-widget_type=\"image-carousel.default\">\n\t\t\t\t<div class=\"elementor-widget-container\">\n\t\t\t\t\t\t\t<div class=\"elementor-image-carousel-wrapper swiper\" role=\"region\" aria-roledescription=\"carousel\" aria-label=\"Carrusel de im\u00e1genes\" dir=\"ltr\">\n\t\t\t<div class=\"elementor-image-carousel swiper-wrapper\" aria-live=\"off\">\n\t\t\t\t\t\t\t\t<div class=\"swiper-slide\" role=\"group\" aria-roledescription=\"slide\" aria-label=\"1 de 6\"><figure class=\"swiper-slide-inner\"><img decoding=\"async\" loading=\"lazy\" class=\"swiper-slide-image\" src=\"https:\/\/mitcreators.com\/wp-content\/uploads\/2023\/04\/airbnb-logo-0-768x768.webp\" alt=\"airbnb-logo-0\" \/><\/figure><\/div><div class=\"swiper-slide\" role=\"group\" aria-roledescription=\"slide\" aria-label=\"2 de 6\"><figure class=\"swiper-slide-inner\"><img decoding=\"async\" loading=\"lazy\" class=\"swiper-slide-image\" src=\"https:\/\/mitcreators.com\/wp-content\/uploads\/2023\/04\/google-logo-0-768x768.webp\" alt=\"google-logo-0\" \/><\/figure><\/div><div class=\"swiper-slide\" role=\"group\" aria-roledescription=\"slide\" aria-label=\"3 de 6\"><figure class=\"swiper-slide-inner\"><img decoding=\"async\" loading=\"lazy\" class=\"swiper-slide-image\" src=\"https:\/\/mitcreators.com\/wp-content\/uploads\/2023\/04\/hp-logo-0-768x768.webp\" alt=\"hp-logo-0\" \/><\/figure><\/div><div class=\"swiper-slide\" role=\"group\" aria-roledescription=\"slide\" aria-label=\"4 de 6\"><figure class=\"swiper-slide-inner\"><img decoding=\"async\" loading=\"lazy\" class=\"swiper-slide-image\" src=\"https:\/\/mitcreators.com\/wp-content\/uploads\/2023\/04\/disney-plus-logo-0-768x768.webp\" alt=\"disney-plus-logo-0\" \/><\/figure><\/div><div class=\"swiper-slide\" role=\"group\" aria-roledescription=\"slide\" aria-label=\"5 de 6\"><figure class=\"swiper-slide-inner\"><img decoding=\"async\" loading=\"lazy\" class=\"swiper-slide-image\" src=\"https:\/\/mitcreators.com\/wp-content\/uploads\/2023\/04\/deliveroo-logo-0-768x768.webp\" alt=\"deliveroo-logo-0\" \/><\/figure><\/div><div class=\"swiper-slide\" role=\"group\" aria-roledescription=\"slide\" aria-label=\"6 de 6\"><figure class=\"swiper-slide-inner\"><img decoding=\"async\" loading=\"lazy\" class=\"swiper-slide-image\" src=\"https:\/\/mitcreators.com\/wp-content\/uploads\/2023\/04\/dell-logo-0-768x768.webp\" alt=\"dell-logo-0\" \/><\/figure><\/div>\t\t\t<\/div>\n\t\t\t\t\t\t\t\n\t\t\t\t\t\t\t\t\t<div class=\"swiper-pagination\"><\/div>\n\t\t\t\t\t\t\t\t\t<\/div>\n\t\t\t\t\t\t<\/div>\n\t\t\t\t<\/div>\n\t\t\t\t\t<\/div>\n\t\t\t\t<\/div>\n\t\t<div class=\"elementor-element elementor-element-3a76260 e-flex e-con-boxed e-con e-parent\" data-id=\"3a76260\" data-element_type=\"container\" data-e-type=\"container\">\n\t\t\t\t\t<div class=\"e-con-inner\">\n\t\t\t\t<div class=\"elementor-element elementor-element-2b9e950 elementor-widget elementor-widget-text-editor\" data-id=\"2b9e950\" data-element_type=\"widget\" data-e-type=\"widget\" data-widget_type=\"text-editor.default\">\n\t\t\t\t<div class=\"elementor-widget-container\">\n\t\t\t\t\t\t\t\t\t<p>En MIT creators, sabemos que planificar un evento con \u00e9xito implica coordinarse con docenas de proveedores y prestadores de servicios diferentes. Por eso ofrecemos una soluci\u00f3n integral y unificada que ahorra a nuestros clientes tiempo, dinero y complicaciones. Nos ocupamos de todos los detalles, desde la aprobaci\u00f3n previa de los proveedores hasta la gesti\u00f3n de los pagos y la log\u00edstica, para que nuestros clientes puedan centrarse en su actividad principal.  <\/p><p>Tanto si desea celebrar un evento corporativo, organizar un equipo ejecutivo o recompensar a sus empleados de mayor rendimiento con un viaje de incentivo, nosotros nos ocupamos de todo. Nuestro equipo de profesionales cuenta con la experiencia y los recursos necesarios para hacer realidad su proyecto. <\/p>\t\t\t\t\t\t\t\t<\/div>\n\t\t\t\t<\/div>\n\t\t\t\t<div class=\"elementor-element elementor-element-fb4b0a7 elementor-widget elementor-widget-heading\" data-id=\"fb4b0a7\" data-element_type=\"widget\" data-e-type=\"widget\" data-widget_type=\"heading.default\">\n\t\t\t\t<div class=\"elementor-widget-container\">\n\t\t\t\t\t<h4 class=\"elementor-heading-title elementor-size-default\">\u00bfPor qu\u00e9 deber\u00eda elegirnos para su pr\u00f3ximo evento?<\/h4>\t\t\t\t<\/div>\n\t\t\t\t<\/div>\n\t\t\t\t<div class=\"elementor-element elementor-element-df1814f elementor-widget elementor-widget-text-editor\" data-id=\"df1814f\" data-element_type=\"widget\" data-e-type=\"widget\" data-widget_type=\"text-editor.default\">\n\t\t\t\t<div class=\"elementor-widget-container\">\n\t\t\t\t\t\t\t\t\t<p>Ante todo, damos prioridad a su satisfacci\u00f3n y nos enorgullecemos de ofrecer resultados excepcionales. Trabajamos en estrecha colaboraci\u00f3n con nuestros clientes para comprender sus objetivos y necesidades, y adaptamos nuestros servicios en consecuencia. Adem\u00e1s, estamos comprometidos con la transparencia, la eficiencia y la rentabilidad, garantizando que usted obtenga el m\u00e1ximo valor por su inversi\u00f3n.  <\/p><p>No deje que el estr\u00e9s de planificar un evento le abrume: deje que nosotros nos encarguemos de todo para que usted pueda sentarse y disfrutar de los resultados. P\u00f3ngase en contacto con nosotros hoy mismo para obtener m\u00e1s informaci\u00f3n sobre nuestros servicios y c\u00f3mo podemos ayudarle a crear un evento realmente inolvidable. <\/p>\t\t\t\t\t\t\t\t<\/div>\n\t\t\t\t<\/div>\n\t\t\t\t<div class=\"elementor-element elementor-element-7f3f30e elementor-widget elementor-widget-button\" data-id=\"7f3f30e\" data-element_type=\"widget\" data-e-type=\"widget\" data-widget_type=\"button.default\">\n\t\t\t\t<div class=\"elementor-widget-container\">\n\t\t\t\t\t\t\t\t\t<div class=\"elementor-button-wrapper\">\n\t\t\t\t\t<a class=\"elementor-button elementor-button-link elementor-size-sm\" href=\"https:\/\/mitcreators.com\/es\/contacto\/\">\n\t\t\t\t\t\t<span class=\"elementor-button-content-wrapper\">\n\t\t\t\t\t\t\t\t\t<span class=\"elementor-button-text\">Solicita una llamada<\/span>\n\t\t\t\t\t<\/span>\n\t\t\t\t\t<\/a>\n\t\t\t\t<\/div>\n\t\t\t\t\t\t\t\t<\/div>\n\t\t\t\t<\/div>\n\t\t\t\t\t<\/div>\n\t\t\t\t<\/div>\n\t\t\t\t<\/div>\n\t\t","protected":false},"excerpt":{"rendered":"<p>Nuestros clientes Nuestros clientes son empresas multinacionales de sectores como el tecnol\u00f3gico y el farmac\u00e9utico, con oficinas en todo el mundo. Sin embargo, ning\u00fan evento es demasiado peque\u00f1o o demasiado grande para nosotros. Tanto si se trata de un evento de creaci\u00f3n de equipos para una peque\u00f1a empresa emergente como de una conferencia para toda [&hellip;]<\/p>\n","protected":false},"author":8,"featured_media":1713,"parent":0,"menu_order":0,"comment_status":"closed","ping_status":"closed","template":"","meta":{"nf_dc_page":"","footnotes":""},"class_list":["post-2368","page","type-page","status-publish","has-post-thumbnail","hentry"],"yoast_head":"<!-- This site is optimized with the Yoast SEO plugin v27.5 - https:\/\/yoast.com\/product\/yoast-seo-wordpress\/ -->\n<title>Nuestros clientes | MIT creators<\/title>\n<meta name=\"description\" content=\"Nuestro equipo de profesionales tiene la experiencia y los recursos necesarios para hacer realidad su visi\u00f3n.\" \/>\n<meta name=\"robots\" content=\"index, follow, max-snippet:-1, max-image-preview:large, max-video-preview:-1\" \/>\n<link rel=\"canonical\" href=\"https:\/\/mitcreators.com\/es\/nuestros-clientes\/\" \/>\n<meta property=\"og:locale\" content=\"es_ES\" \/>\n<meta property=\"og:type\" content=\"article\" \/>\n<meta property=\"og:title\" content=\"Nuestros clientes | MIT creators\" \/>\n<meta property=\"og:description\" content=\"Nuestro equipo de profesionales tiene la experiencia y los recursos necesarios para hacer realidad su visi\u00f3n.\" \/>\n<meta property=\"og:url\" content=\"https:\/\/mitcreators.com\/es\/nuestros-clientes\/\" \/>\n<meta property=\"og:site_name\" content=\"MIT creators\" \/>\n<meta property=\"article:modified_time\" content=\"2025-05-27T10:23:12+00:00\" \/>\n<meta property=\"og:image\" content=\"https:\/\/mitcreators.com\/wp-content\/uploads\/2023\/05\/mit-alliance.webp\" \/>\n\t<meta property=\"og:image:width\" content=\"1000\" \/>\n\t<meta property=\"og:image:height\" content=\"743\" \/>\n\t<meta property=\"og:image:type\" content=\"image\/jpeg\" \/>\n<meta name=\"twitter:card\" content=\"summary_large_image\" \/>\n<meta name=\"twitter:label1\" content=\"Tiempo de lectura\" \/>\n\t<meta name=\"twitter:data1\" content=\"2 minutos\" \/>\n<script type=\"application\/ld+json\" class=\"yoast-schema-graph\">{\"@context\":\"https:\\\/\\\/schema.org\",\"@graph\":[{\"@type\":\"WebPage\",\"@id\":\"https:\\\/\\\/mitcreators.com\\\/es\\\/nuestros-clientes\\\/\",\"url\":\"https:\\\/\\\/mitcreators.com\\\/es\\\/nuestros-clientes\\\/\",\"name\":\"Nuestros clientes | MIT creators\",\"isPartOf\":{\"@id\":\"http:\\\/\\\/box5757.temp.domains\\\/~mitcreat\\\/#website\"},\"primaryImageOfPage\":{\"@id\":\"https:\\\/\\\/mitcreators.com\\\/es\\\/nuestros-clientes\\\/#primaryimage\"},\"image\":{\"@id\":\"https:\\\/\\\/mitcreators.com\\\/es\\\/nuestros-clientes\\\/#primaryimage\"},\"thumbnailUrl\":\"https:\\\/\\\/mitcreators.com\\\/wp-content\\\/uploads\\\/2023\\\/05\\\/mit-alliance.webp\",\"datePublished\":\"2023-05-26T07:26:04+00:00\",\"dateModified\":\"2025-05-27T10:23:12+00:00\",\"description\":\"Nuestro equipo de profesionales tiene la experiencia y los recursos necesarios para hacer realidad su visi\u00f3n.\",\"breadcrumb\":{\"@id\":\"https:\\\/\\\/mitcreators.com\\\/es\\\/nuestros-clientes\\\/#breadcrumb\"},\"inLanguage\":\"es\",\"potentialAction\":[{\"@type\":\"ReadAction\",\"target\":[\"https:\\\/\\\/mitcreators.com\\\/es\\\/nuestros-clientes\\\/\"]}]},{\"@type\":\"ImageObject\",\"inLanguage\":\"es\",\"@id\":\"https:\\\/\\\/mitcreators.com\\\/es\\\/nuestros-clientes\\\/#primaryimage\",\"url\":\"https:\\\/\\\/mitcreators.com\\\/wp-content\\\/uploads\\\/2023\\\/05\\\/mit-alliance.webp\",\"contentUrl\":\"https:\\\/\\\/mitcreators.com\\\/wp-content\\\/uploads\\\/2023\\\/05\\\/mit-alliance.webp\",\"width\":1000,\"height\":743,\"caption\":\"El p\u00fablico asiste a un panel de discusi\u00f3n sobre programas de alianzas en Barcelona, filmado en vivo por MIT Creators, organizadores expertos de eventos DMC.\"},{\"@type\":\"BreadcrumbList\",\"@id\":\"https:\\\/\\\/mitcreators.com\\\/es\\\/nuestros-clientes\\\/#breadcrumb\",\"itemListElement\":[{\"@type\":\"ListItem\",\"position\":1,\"name\":\"Home\",\"item\":\"https:\\\/\\\/mitcreators.com\\\/es\\\/\"},{\"@type\":\"ListItem\",\"position\":2,\"name\":\"Nuestros clientes\"}]},{\"@type\":\"WebSite\",\"@id\":\"http:\\\/\\\/box5757.temp.domains\\\/~mitcreat\\\/#website\",\"url\":\"http:\\\/\\\/box5757.temp.domains\\\/~mitcreat\\\/\",\"name\":\"MIT creators\",\"description\":\"Marketing, incentive and travel solutions\",\"publisher\":{\"@id\":\"http:\\\/\\\/box5757.temp.domains\\\/~mitcreat\\\/#organization\"},\"alternateName\":\"MIT\",\"potentialAction\":[{\"@type\":\"SearchAction\",\"target\":{\"@type\":\"EntryPoint\",\"urlTemplate\":\"http:\\\/\\\/box5757.temp.domains\\\/~mitcreat\\\/?s={search_term_string}\"},\"query-input\":{\"@type\":\"PropertyValueSpecification\",\"valueRequired\":true,\"valueName\":\"search_term_string\"}}],\"inLanguage\":\"es\"},{\"@type\":\"Organization\",\"@id\":\"http:\\\/\\\/box5757.temp.domains\\\/~mitcreat\\\/#organization\",\"name\":\"MIT creators\",\"alternateName\":\"MIT creators\",\"url\":\"http:\\\/\\\/box5757.temp.domains\\\/~mitcreat\\\/\",\"logo\":{\"@type\":\"ImageObject\",\"inLanguage\":\"es\",\"@id\":\"http:\\\/\\\/box5757.temp.domains\\\/~mitcreat\\\/#\\\/schema\\\/logo\\\/image\\\/\",\"url\":\"\",\"contentUrl\":\"\",\"width\":133,\"height\":89,\"caption\":\"MIT creators\"},\"image\":{\"@id\":\"http:\\\/\\\/box5757.temp.domains\\\/~mitcreat\\\/#\\\/schema\\\/logo\\\/image\\\/\"},\"sameAs\":[\"https:\\\/\\\/www.linkedin.com\\\/in\\\/mitcreators\\\/\"]}]}<\/script>\n<!-- \/ Yoast SEO plugin. -->","yoast_head_json":{"title":"Nuestros clientes | MIT creators","description":"Nuestro equipo de profesionales tiene la experiencia y los recursos necesarios para hacer realidad su visi\u00f3n.","robots":{"index":"index","follow":"follow","max-snippet":"max-snippet:-1","max-image-preview":"max-image-preview:large","max-video-preview":"max-video-preview:-1"},"canonical":"https:\/\/mitcreators.com\/es\/nuestros-clientes\/","og_locale":"es_ES","og_type":"article","og_title":"Nuestros clientes | MIT creators","og_description":"Nuestro equipo de profesionales tiene la experiencia y los recursos necesarios para hacer realidad su visi\u00f3n.","og_url":"https:\/\/mitcreators.com\/es\/nuestros-clientes\/","og_site_name":"MIT creators","article_modified_time":"2025-05-27T10:23:12+00:00","og_image":[{"width":1000,"height":743,"url":"https:\/\/mitcreators.com\/wp-content\/uploads\/2023\/05\/mit-alliance.webp","type":"image\/jpeg"}],"twitter_card":"summary_large_image","twitter_misc":{"Tiempo de lectura":"2 minutos"},"schema":{"@context":"https:\/\/schema.org","@graph":[{"@type":"WebPage","@id":"https:\/\/mitcreators.com\/es\/nuestros-clientes\/","url":"https:\/\/mitcreators.com\/es\/nuestros-clientes\/","name":"Nuestros clientes | MIT creators","isPartOf":{"@id":"http:\/\/box5757.temp.domains\/~mitcreat\/#website"},"primaryImageOfPage":{"@id":"https:\/\/mitcreators.com\/es\/nuestros-clientes\/#primaryimage"},"image":{"@id":"https:\/\/mitcreators.com\/es\/nuestros-clientes\/#primaryimage"},"thumbnailUrl":"https:\/\/mitcreators.com\/wp-content\/uploads\/2023\/05\/mit-alliance.webp","datePublished":"2023-05-26T07:26:04+00:00","dateModified":"2025-05-27T10:23:12+00:00","description":"Nuestro equipo de profesionales tiene la experiencia y los recursos necesarios para hacer realidad su visi\u00f3n.","breadcrumb":{"@id":"https:\/\/mitcreators.com\/es\/nuestros-clientes\/#breadcrumb"},"inLanguage":"es","potentialAction":[{"@type":"ReadAction","target":["https:\/\/mitcreators.com\/es\/nuestros-clientes\/"]}]},{"@type":"ImageObject","inLanguage":"es","@id":"https:\/\/mitcreators.com\/es\/nuestros-clientes\/#primaryimage","url":"https:\/\/mitcreators.com\/wp-content\/uploads\/2023\/05\/mit-alliance.webp","contentUrl":"https:\/\/mitcreators.com\/wp-content\/uploads\/2023\/05\/mit-alliance.webp","width":1000,"height":743,"caption":"El p\u00fablico asiste a un panel de discusi\u00f3n sobre programas de alianzas en Barcelona, filmado en vivo por MIT Creators, organizadores expertos de eventos DMC."},{"@type":"BreadcrumbList","@id":"https:\/\/mitcreators.com\/es\/nuestros-clientes\/#breadcrumb","itemListElement":[{"@type":"ListItem","position":1,"name":"Home","item":"https:\/\/mitcreators.com\/es\/"},{"@type":"ListItem","position":2,"name":"Nuestros clientes"}]},{"@type":"WebSite","@id":"http:\/\/box5757.temp.domains\/~mitcreat\/#website","url":"http:\/\/box5757.temp.domains\/~mitcreat\/","name":"MIT creators","description":"Marketing, incentive and travel solutions","publisher":{"@id":"http:\/\/box5757.temp.domains\/~mitcreat\/#organization"},"alternateName":"MIT","potentialAction":[{"@type":"SearchAction","target":{"@type":"EntryPoint","urlTemplate":"http:\/\/box5757.temp.domains\/~mitcreat\/?s={search_term_string}"},"query-input":{"@type":"PropertyValueSpecification","valueRequired":true,"valueName":"search_term_string"}}],"inLanguage":"es"},{"@type":"Organization","@id":"http:\/\/box5757.temp.domains\/~mitcreat\/#organization","name":"MIT creators","alternateName":"MIT creators","url":"http:\/\/box5757.temp.domains\/~mitcreat\/","logo":{"@type":"ImageObject","inLanguage":"es","@id":"http:\/\/box5757.temp.domains\/~mitcreat\/#\/schema\/logo\/image\/","url":"","contentUrl":"","width":133,"height":89,"caption":"MIT creators"},"image":{"@id":"http:\/\/box5757.temp.domains\/~mitcreat\/#\/schema\/logo\/image\/"},"sameAs":["https:\/\/www.linkedin.com\/in\/mitcreators\/"]}]}},"_links":{"self":[{"href":"https:\/\/mitcreators.com\/es\/wp-json\/wp\/v2\/pages\/2368","targetHints":{"allow":["GET"]}}],"collection":[{"href":"https:\/\/mitcreators.com\/es\/wp-json\/wp\/v2\/pages"}],"about":[{"href":"https:\/\/mitcreators.com\/es\/wp-json\/wp\/v2\/types\/page"}],"author":[{"embeddable":true,"href":"https:\/\/mitcreators.com\/es\/wp-json\/wp\/v2\/users\/8"}],"replies":[{"embeddable":true,"href":"https:\/\/mitcreators.com\/es\/wp-json\/wp\/v2\/comments?post=2368"}],"version-history":[{"count":2,"href":"https:\/\/mitcreators.com\/es\/wp-json\/wp\/v2\/pages\/2368\/revisions"}],"predecessor-version":[{"id":5178,"href":"https:\/\/mitcreators.com\/es\/wp-json\/wp\/v2\/pages\/2368\/revisions\/5178"}],"wp:featuredmedia":[{"embeddable":true,"href":"https:\/\/mitcreators.com\/es\/wp-json\/wp\/v2\/media\/1713"}],"wp:attachment":[{"href":"https:\/\/mitcreators.com\/es\/wp-json\/wp\/v2\/media?parent=2368"}],"curies":[{"name":"wp","href":"https:\/\/api.w.org\/{rel}","templated":true}]}}