{"id":4765,"date":"2025-04-22T11:35:01","date_gmt":"2025-04-22T09:35:01","guid":{"rendered":"https:\/\/mitcreators.com\/sostenibilidad-en-accion\/"},"modified":"2025-05-23T20:05:37","modified_gmt":"2025-05-23T18:05:37","slug":"sostenibilidad-en-accion","status":"publish","type":"page","link":"https:\/\/mitcreators.com\/es\/sostenibilidad-en-accion\/","title":{"rendered":"Sostenibilidad en acci\u00f3n"},"content":{"rendered":"\t\t<div data-elementor-type=\"wp-page\" data-elementor-id=\"4765\" class=\"elementor elementor-4765 elementor-3987\" data-elementor-post-type=\"page\">\n\t\t\t\t<div class=\"elementor-element elementor-element-8930a64 e-flex e-con-boxed e-con e-parent\" data-id=\"8930a64\" data-element_type=\"container\" data-e-type=\"container\">\n\t\t\t\t\t<div class=\"e-con-inner\">\n\t\t<div class=\"elementor-element elementor-element-a907fa4 e-con-full e-flex e-con e-child\" data-id=\"a907fa4\" data-element_type=\"container\" data-e-type=\"container\" data-settings=\"{&quot;background_background&quot;:&quot;gradient&quot;}\">\n\t\t\t\t<\/div>\n\t\t<div class=\"elementor-element elementor-element-e86093a e-con-full e-flex e-con e-child\" data-id=\"e86093a\" data-element_type=\"container\" data-e-type=\"container\">\n\t\t\t\t<div class=\"elementor-element elementor-element-279df29 elementor-widget elementor-widget-heading\" data-id=\"279df29\" data-element_type=\"widget\" data-e-type=\"widget\" data-widget_type=\"heading.default\">\n\t\t\t\t<div class=\"elementor-widget-container\">\n\t\t\t\t\t<h1 class=\"elementor-heading-title elementor-size-default\">Sostenibilidad en acci\u00f3n<\/h1>\t\t\t\t<\/div>\n\t\t\t\t<\/div>\n\t\t\t\t<div class=\"elementor-element elementor-element-cb1f1e0 elementor-widget elementor-widget-text-editor\" data-id=\"cb1f1e0\" data-element_type=\"widget\" data-e-type=\"widget\" data-widget_type=\"text-editor.default\">\n\t\t\t\t<div class=\"elementor-widget-container\">\n\t\t\t\t\t\t\t\t\t<p>En MIT Creators, no tratamos la sostenibilidad como una moda. Es nuestra forma de hacer negocios. Nuestro equipo aporta una mentalidad orientada a la consecuci\u00f3n de objetivos a cada fase de su evento, ayud\u00e1ndole a alcanzar sus metas en materia de ASG al tiempo que ofrece experiencias inolvidables.<\/p>\t\t\t\t\t\t\t\t<\/div>\n\t\t\t\t<\/div>\n\t\t\t\t<\/div>\n\t\t<div class=\"elementor-element elementor-element-6753bc9 e-con-full e-flex e-con e-child\" data-id=\"6753bc9\" data-element_type=\"container\" data-e-type=\"container\">\n\t\t\t\t<div class=\"elementor-element elementor-element-b107655 elementor-widget elementor-widget-image\" data-id=\"b107655\" data-element_type=\"widget\" data-e-type=\"widget\" data-widget_type=\"image.default\">\n\t\t\t\t<div class=\"elementor-widget-container\">\n\t\t\t\t\t\t\t\t\t\t\t\t\t\t\t<img loading=\"lazy\" decoding=\"async\" loading=\"lazy\" width=\"720\" height=\"480\" src=\"https:\/\/mitcreators.com\/wp-content\/uploads\/2025\/04\/sustainability-in-action-small.webp\" class=\"attachment-medium_large size-medium_large wp-image-4187\" alt=\"MIT Creators Barcelona: expertos en DMC de eventos que combinan sostenibilidad, innovaci\u00f3n y pr\u00e1cticas ecol\u00f3gicas para eventos corporativos impactantes.\" srcset=\"https:\/\/mitcreators.com\/wp-content\/uploads\/2025\/04\/sustainability-in-action-small.webp 720w, https:\/\/mitcreators.com\/wp-content\/uploads\/2025\/04\/sustainability-in-action-small-300x200.webp 300w\" sizes=\"auto, (max-width: 720px) 100vw, 720px\" \/>\t\t\t\t\t\t\t\t\t\t\t\t\t\t\t<\/div>\n\t\t\t\t<\/div>\n\t\t\t\t<\/div>\n\t\t\t\t\t<\/div>\n\t\t\t\t<\/div>\n\t\t<div class=\"elementor-element elementor-element-95796b5 e-flex e-con-boxed e-con e-parent\" data-id=\"95796b5\" data-element_type=\"container\" data-e-type=\"container\">\n\t\t\t\t\t<div class=\"e-con-inner\">\n\t\t<div class=\"elementor-element elementor-element-675a814 e-con-full e-flex e-con e-child\" data-id=\"675a814\" data-element_type=\"container\" data-e-type=\"container\">\n\t\t\t\t<div class=\"elementor-element elementor-element-1234ee4 elementor-widget elementor-widget-image\" data-id=\"1234ee4\" data-element_type=\"widget\" data-e-type=\"widget\" data-widget_type=\"image.default\">\n\t\t\t\t<div class=\"elementor-widget-container\">\n\t\t\t\t\t\t\t\t\t\t\t\t\t\t\t<img loading=\"lazy\" decoding=\"async\" loading=\"lazy\" width=\"720\" height=\"480\" src=\"https:\/\/mitcreators.com\/wp-content\/uploads\/2025\/05\/shutterstock_2450334059-small.webp\" class=\"attachment-medium_large size-medium_large wp-image-4253\" alt=\"Vasos, contenedores y cubiertos de madera de papel ecol\u00f3gico para un embalaje sostenible para eventos DMC en Barcelona.\" srcset=\"https:\/\/mitcreators.com\/wp-content\/uploads\/2025\/05\/shutterstock_2450334059-small.webp 720w, https:\/\/mitcreators.com\/wp-content\/uploads\/2025\/05\/shutterstock_2450334059-small-300x200.webp 300w\" sizes=\"auto, (max-width: 720px) 100vw, 720px\" \/>\t\t\t\t\t\t\t\t\t\t\t\t\t\t\t<\/div>\n\t\t\t\t<\/div>\n\t\t\t\t<\/div>\n\t\t<div class=\"elementor-element elementor-element-44ca1f0 e-con-full e-flex e-con e-child\" data-id=\"44ca1f0\" data-element_type=\"container\" data-e-type=\"container\" data-settings=\"{&quot;background_background&quot;:&quot;gradient&quot;}\">\n\t\t\t\t<\/div>\n\t\t<div class=\"elementor-element elementor-element-17e9b0b e-con-full e-flex e-con e-child\" data-id=\"17e9b0b\" data-element_type=\"container\" data-e-type=\"container\">\n\t\t\t\t<div class=\"elementor-element elementor-element-b6c44e3 elementor-widget elementor-widget-heading\" data-id=\"b6c44e3\" data-element_type=\"widget\" data-e-type=\"widget\" data-widget_type=\"heading.default\">\n\t\t\t\t<div class=\"elementor-widget-container\">\n\t\t\t\t\t<h2 class=\"elementor-heading-title elementor-size-default\">Una sostenibilidad que hace avanzar a las personas y al planeta<\/h2>\t\t\t\t<\/div>\n\t\t\t\t<\/div>\n\t\t\t\t<div class=\"elementor-element elementor-element-b5b6e9e elementor-widget elementor-widget-text-editor\" data-id=\"b5b6e9e\" data-element_type=\"widget\" data-e-type=\"widget\" data-widget_type=\"text-editor.default\">\n\t\t\t\t<div class=\"elementor-widget-container\">\n\t\t\t\t\t\t\t\t\t<p>En MIT Creators, sabemos que los eventos m\u00e1s impactantes de la actualidad no s\u00f3lo re\u00fanen a la gente, sino que tambi\u00e9n reflejan los valores que importan. Por eso la sostenibilidad no es una casilla que marcamos. Es un principio por el que dise\u00f1amos.<\/p><p>Desde la primera reuni\u00f3n informativa hasta la \u00faltima despedida, organizamos cada evento con la intenci\u00f3n de reducir el impacto medioambiental, apoyar a las comunidades locales y alinearnos con los objetivos ASG de nuestros clientes, muchos de los cuales son l\u00edderes en tecnolog\u00eda y ciencias de la vida.<\/p>\t\t\t\t\t\t\t\t<\/div>\n\t\t\t\t<\/div>\n\t\t\t\t<\/div>\n\t\t\t\t\t<\/div>\n\t\t\t\t<\/div>\n\t\t<div class=\"elementor-element elementor-element-448cfc3 e-flex e-con-boxed e-con e-parent\" data-id=\"448cfc3\" data-element_type=\"container\" data-e-type=\"container\">\n\t\t\t\t\t<div class=\"e-con-inner\">\n\t\t\t\t<div class=\"elementor-element elementor-element-8995ccd elementor-widget elementor-widget-heading\" data-id=\"8995ccd\" data-element_type=\"widget\" data-e-type=\"widget\" data-widget_type=\"heading.default\">\n\t\t\t\t<div class=\"elementor-widget-container\">\n\t\t\t\t\t<h2 class=\"elementor-heading-title elementor-size-default\">La sostenibilidad en la pr\u00e1ctica<\/h2>\t\t\t\t<\/div>\n\t\t\t\t<\/div>\n\t\t<div class=\"elementor-element elementor-element-8f2914e e-con-full e-flex e-con e-child\" data-id=\"8f2914e\" data-element_type=\"container\" data-e-type=\"container\">\n\t\t<div class=\"elementor-element elementor-element-263b34c e-con-full e-flex e-con e-child\" data-id=\"263b34c\" data-element_type=\"container\" data-e-type=\"container\">\n\t\t\t\t<div class=\"elementor-element elementor-element-d6d8c9d elementor-widget elementor-widget-heading\" data-id=\"d6d8c9d\" data-element_type=\"widget\" data-e-type=\"widget\" data-widget_type=\"heading.default\">\n\t\t\t\t<div class=\"elementor-widget-container\">\n\t\t\t\t\t<h3 class=\"elementor-heading-title elementor-size-default\">Viajes m\u00e1s inteligentes<\/h3>\t\t\t\t<\/div>\n\t\t\t\t<\/div>\n\t\t\t\t<div class=\"elementor-element elementor-element-dec4d96 elementor-widget elementor-widget-text-editor\" data-id=\"dec4d96\" data-element_type=\"widget\" data-e-type=\"widget\" data-widget_type=\"text-editor.default\">\n\t\t\t\t<div class=\"elementor-widget-container\">\n\t\t\t\t\t\t\t\t\t<p>Replanteamos la log\u00edstica para reducir las emisiones: desde abogar por el ferrocarril siempre que sea posible hasta optimizar los traslados y elegir lugares c\u00e9ntricos.<\/p>\t\t\t\t\t\t\t\t<\/div>\n\t\t\t\t<\/div>\n\t\t\t\t<\/div>\n\t\t<div class=\"elementor-element elementor-element-83eb71b e-con-full e-flex e-con e-child\" data-id=\"83eb71b\" data-element_type=\"container\" data-e-type=\"container\">\n\t\t\t\t<div class=\"elementor-element elementor-element-6a0b5c4 elementor-widget elementor-widget-heading\" data-id=\"6a0b5c4\" data-element_type=\"widget\" data-e-type=\"widget\" data-widget_type=\"heading.default\">\n\t\t\t\t<div class=\"elementor-widget-container\">\n\t\t\t\t\t<h3 class=\"elementor-heading-title elementor-size-default\">Locales ecol\u00f3gicos<\/h3>\t\t\t\t<\/div>\n\t\t\t\t<\/div>\n\t\t\t\t<div class=\"elementor-element elementor-element-857296d elementor-widget elementor-widget-text-editor\" data-id=\"857296d\" data-element_type=\"widget\" data-e-type=\"widget\" data-widget_type=\"text-editor.default\">\n\t\t\t\t<div class=\"elementor-widget-container\">\n\t\t\t\t\t\t\t\t\t<p>Damos prioridad a los lugares con verdaderas credenciales de sostenibilidad: sistemas de eficiencia energ\u00e9tica, gesti\u00f3n de residuos y apoyo a la comunidad.<\/p>\t\t\t\t\t\t\t\t<\/div>\n\t\t\t\t<\/div>\n\t\t\t\t<\/div>\n\t\t\t\t<\/div>\n\t\t<div class=\"elementor-element elementor-element-552cc85 e-con-full e-flex e-con e-child\" data-id=\"552cc85\" data-element_type=\"container\" data-e-type=\"container\">\n\t\t<div class=\"elementor-element elementor-element-bae5722 e-con-full e-flex e-con e-child\" data-id=\"bae5722\" data-element_type=\"container\" data-e-type=\"container\">\n\t\t\t\t<div class=\"elementor-element elementor-element-c284425 elementor-widget elementor-widget-heading\" data-id=\"c284425\" data-element_type=\"widget\" data-e-type=\"widget\" data-widget_type=\"heading.default\">\n\t\t\t\t<div class=\"elementor-widget-container\">\n\t\t\t\t\t<h2 class=\"elementor-heading-title elementor-size-default\">Menos residuos, m\u00e1s objetivos<\/h2>\t\t\t\t<\/div>\n\t\t\t\t<\/div>\n\t\t\t\t<div class=\"elementor-element elementor-element-5c3b604 elementor-widget elementor-widget-text-editor\" data-id=\"5c3b604\" data-element_type=\"widget\" data-e-type=\"widget\" data-widget_type=\"text-editor.default\">\n\t\t\t\t<div class=\"elementor-widget-container\">\n\t\t\t\t\t\t\t\t\t<p>Dise\u00f1amos eventos con prioridad digital, evitamos los pl\u00e1sticos de un solo uso y utilizamos infraestructuras reutilizables siempre que es posible, de forma intencionada e impactante.<\/p>\t\t\t\t\t\t\t\t<\/div>\n\t\t\t\t<\/div>\n\t\t\t\t<\/div>\n\t\t<div class=\"elementor-element elementor-element-8eddf42 e-con-full e-flex e-con e-child\" data-id=\"8eddf42\" data-element_type=\"container\" data-e-type=\"container\">\n\t\t\t\t<div class=\"elementor-element elementor-element-ba3f38d elementor-widget elementor-widget-heading\" data-id=\"ba3f38d\" data-element_type=\"widget\" data-e-type=\"widget\" data-widget_type=\"heading.default\">\n\t\t\t\t<div class=\"elementor-widget-container\">\n\t\t\t\t\t<h2 class=\"elementor-heading-title elementor-size-default\">Compensaci\u00f3n transparente<\/h2>\t\t\t\t<\/div>\n\t\t\t\t<\/div>\n\t\t\t\t<div class=\"elementor-element elementor-element-7558468 elementor-widget elementor-widget-text-editor\" data-id=\"7558468\" data-element_type=\"widget\" data-e-type=\"widget\" data-widget_type=\"text-editor.default\">\n\t\t\t\t<div class=\"elementor-widget-container\">\n\t\t\t\t\t\t\t\t\t<p>Le ayudamos a controlar, reducir y compensar la huella de su evento mediante programas certificados, y proporcionamos informes que sus equipos internos pueden utilizar realmente.<\/p>\t\t\t\t\t\t\t\t<\/div>\n\t\t\t\t<\/div>\n\t\t\t\t<\/div>\n\t\t\t\t<\/div>\n\t\t\t\t\t<\/div>\n\t\t\t\t<\/div>\n\t\t<div class=\"elementor-element elementor-element-e472637 e-flex e-con-boxed e-con e-parent\" data-id=\"e472637\" data-element_type=\"container\" data-e-type=\"container\">\n\t\t\t\t\t<div class=\"e-con-inner\">\n\t\t\t\t<div class=\"elementor-element elementor-element-28c50e1 elementor-widget elementor-widget-heading\" data-id=\"28c50e1\" data-element_type=\"widget\" data-e-type=\"widget\" data-widget_type=\"heading.default\">\n\t\t\t\t<div class=\"elementor-widget-container\">\n\t\t\t\t\t<h2 class=\"elementor-heading-title elementor-size-default\">Por qu\u00e9 nuestros clientes conf\u00edan en nosotros<\/h2>\t\t\t\t<\/div>\n\t\t\t\t<\/div>\n\t\t\t\t<div class=\"elementor-element elementor-element-6effffe elementor-widget elementor-widget-text-editor\" data-id=\"6effffe\" data-element_type=\"widget\" data-e-type=\"widget\" data-widget_type=\"text-editor.default\">\n\t\t\t\t<div class=\"elementor-widget-container\">\n\t\t\t\t\t\t\t\t\t<p>Como socio de DMC, actuamos como una extensi\u00f3n natural de su marca. Entendemos los requisitos de cumplimiento, las ambiciones globales y las m\u00e9tricas internas de sostenibilidad que impulsan sus decisiones. Le ayudamos a cumplirlos, sin renunciar a la experiencia ni a la creatividad.<\/p><p>Porque los mejores eventos no cuestan un ojo de la cara. Se lo devuelven.<\/p>\t\t\t\t\t\t\t\t<\/div>\n\t\t\t\t<\/div>\n\t\t\t\t\t<\/div>\n\t\t\t\t<\/div>\n\t\t<div class=\"elementor-element elementor-element-2980095 e-flex e-con-boxed e-con e-parent\" data-id=\"2980095\" data-element_type=\"container\" data-e-type=\"container\">\n\t\t\t\t\t<div class=\"e-con-inner\">\n\t\t\t\t<div class=\"elementor-element elementor-element-f38d988 elementor-widget elementor-widget-heading\" data-id=\"f38d988\" data-element_type=\"widget\" data-e-type=\"widget\" data-widget_type=\"heading.default\">\n\t\t\t\t<div class=\"elementor-widget-container\">\n\t\t\t\t\t<h2 class=\"elementor-heading-title elementor-size-default\">\u00bfEst\u00e1 listo para dise\u00f1ar una experiencia que d\u00e9 prioridad a la sostenibilidad?<\/h2>\t\t\t\t<\/div>\n\t\t\t\t<\/div>\n\t\t\t\t<div class=\"elementor-element elementor-element-2fbf06d elementor-widget elementor-widget-button\" data-id=\"2fbf06d\" data-element_type=\"widget\" data-e-type=\"widget\" data-widget_type=\"button.default\">\n\t\t\t\t<div class=\"elementor-widget-container\">\n\t\t\t\t\t\t\t\t\t<div class=\"elementor-button-wrapper\">\n\t\t\t\t\t<a class=\"elementor-button elementor-button-link elementor-size-sm\" href=\"https:\/\/mitcreators.com\/es\/contacto\/\">\n\t\t\t\t\t\t<span class=\"elementor-button-content-wrapper\">\n\t\t\t\t\t\t\t\t\t<span class=\"elementor-button-text\">P\u00f3ngase en contacto con nosotros y empecemos<\/span>\n\t\t\t\t\t<\/span>\n\t\t\t\t\t<\/a>\n\t\t\t\t<\/div>\n\t\t\t\t\t\t\t\t<\/div>\n\t\t\t\t<\/div>\n\t\t\t\t\t<\/div>\n\t\t\t\t<\/div>\n\t\t\t\t<\/div>\n\t\t","protected":false},"excerpt":{"rendered":"<p>Sostenibilidad en acci\u00f3n En MIT Creators, no tratamos la sostenibilidad como una moda. Es nuestra forma de hacer negocios. Nuestro equipo aporta una mentalidad orientada a la consecuci\u00f3n de objetivos a cada fase de su evento, ayud\u00e1ndole a alcanzar sus metas en materia de ASG al tiempo que ofrece experiencias inolvidables. Una sostenibilidad que hace [&hellip;]<\/p>\n","protected":false},"author":8,"featured_media":0,"parent":0,"menu_order":0,"comment_status":"closed","ping_status":"closed","template":"","meta":{"nf_dc_page":"","footnotes":""},"class_list":["post-4765","page","type-page","status-publish","hentry"],"yoast_head":"<!-- This site is optimized with the Yoast SEO plugin v27.4 - https:\/\/yoast.com\/product\/yoast-seo-wordpress\/ -->\n<title>Sostenibilidad en acci\u00f3n | MIT creators<\/title>\n<meta name=\"robots\" content=\"index, follow, max-snippet:-1, max-image-preview:large, max-video-preview:-1\" \/>\n<link rel=\"canonical\" href=\"https:\/\/mitcreators.com\/es\/sostenibilidad-en-accion\/\" \/>\n<meta property=\"og:locale\" content=\"es_ES\" \/>\n<meta property=\"og:type\" content=\"article\" \/>\n<meta property=\"og:title\" content=\"Sostenibilidad en acci\u00f3n | MIT creators\" \/>\n<meta property=\"og:description\" content=\"Sostenibilidad en acci\u00f3n En MIT Creators, no tratamos la sostenibilidad como una moda. Es nuestra forma de hacer negocios. Nuestro equipo aporta una mentalidad orientada a la consecuci\u00f3n de objetivos a cada fase de su evento, ayud\u00e1ndole a alcanzar sus metas en materia de ASG al tiempo que ofrece experiencias inolvidables. Una sostenibilidad que hace [&hellip;]\" \/>\n<meta property=\"og:url\" content=\"https:\/\/mitcreators.com\/es\/sostenibilidad-en-accion\/\" \/>\n<meta property=\"og:site_name\" content=\"MIT creators\" \/>\n<meta property=\"article:modified_time\" content=\"2025-05-23T18:05:37+00:00\" \/>\n<meta property=\"og:image\" content=\"https:\/\/mitcreators.com\/wp-content\/uploads\/2025\/04\/sustainability-in-action-small.webp\" \/>\n<meta name=\"twitter:card\" content=\"summary_large_image\" \/>\n<meta name=\"twitter:label1\" content=\"Tiempo de lectura\" \/>\n\t<meta name=\"twitter:data1\" content=\"2 minutos\" \/>\n<script type=\"application\/ld+json\" class=\"yoast-schema-graph\">{\"@context\":\"https:\\\/\\\/schema.org\",\"@graph\":[{\"@type\":\"WebPage\",\"@id\":\"https:\\\/\\\/mitcreators.com\\\/es\\\/sostenibilidad-en-accion\\\/\",\"url\":\"https:\\\/\\\/mitcreators.com\\\/es\\\/sostenibilidad-en-accion\\\/\",\"name\":\"Sostenibilidad en acci\u00f3n | MIT creators\",\"isPartOf\":{\"@id\":\"http:\\\/\\\/box5757.temp.domains\\\/~mitcreat\\\/#website\"},\"primaryImageOfPage\":{\"@id\":\"https:\\\/\\\/mitcreators.com\\\/es\\\/sostenibilidad-en-accion\\\/#primaryimage\"},\"image\":{\"@id\":\"https:\\\/\\\/mitcreators.com\\\/es\\\/sostenibilidad-en-accion\\\/#primaryimage\"},\"thumbnailUrl\":\"https:\\\/\\\/mitcreators.com\\\/wp-content\\\/uploads\\\/2025\\\/04\\\/sustainability-in-action-small.webp\",\"datePublished\":\"2025-04-22T09:35:01+00:00\",\"dateModified\":\"2025-05-23T18:05:37+00:00\",\"breadcrumb\":{\"@id\":\"https:\\\/\\\/mitcreators.com\\\/es\\\/sostenibilidad-en-accion\\\/#breadcrumb\"},\"inLanguage\":\"es\",\"potentialAction\":[{\"@type\":\"ReadAction\",\"target\":[\"https:\\\/\\\/mitcreators.com\\\/es\\\/sostenibilidad-en-accion\\\/\"]}]},{\"@type\":\"ImageObject\",\"inLanguage\":\"es\",\"@id\":\"https:\\\/\\\/mitcreators.com\\\/es\\\/sostenibilidad-en-accion\\\/#primaryimage\",\"url\":\"https:\\\/\\\/mitcreators.com\\\/wp-content\\\/uploads\\\/2025\\\/04\\\/sustainability-in-action-small.webp\",\"contentUrl\":\"https:\\\/\\\/mitcreators.com\\\/wp-content\\\/uploads\\\/2025\\\/04\\\/sustainability-in-action-small.webp\"},{\"@type\":\"BreadcrumbList\",\"@id\":\"https:\\\/\\\/mitcreators.com\\\/es\\\/sostenibilidad-en-accion\\\/#breadcrumb\",\"itemListElement\":[{\"@type\":\"ListItem\",\"position\":1,\"name\":\"Home\",\"item\":\"https:\\\/\\\/mitcreators.com\\\/es\\\/\"},{\"@type\":\"ListItem\",\"position\":2,\"name\":\"Sostenibilidad en acci\u00f3n\"}]},{\"@type\":\"WebSite\",\"@id\":\"http:\\\/\\\/box5757.temp.domains\\\/~mitcreat\\\/#website\",\"url\":\"http:\\\/\\\/box5757.temp.domains\\\/~mitcreat\\\/\",\"name\":\"MIT creators\",\"description\":\"Marketing, incentive and travel solutions\",\"publisher\":{\"@id\":\"http:\\\/\\\/box5757.temp.domains\\\/~mitcreat\\\/#organization\"},\"alternateName\":\"MIT\",\"potentialAction\":[{\"@type\":\"SearchAction\",\"target\":{\"@type\":\"EntryPoint\",\"urlTemplate\":\"http:\\\/\\\/box5757.temp.domains\\\/~mitcreat\\\/?s={search_term_string}\"},\"query-input\":{\"@type\":\"PropertyValueSpecification\",\"valueRequired\":true,\"valueName\":\"search_term_string\"}}],\"inLanguage\":\"es\"},{\"@type\":\"Organization\",\"@id\":\"http:\\\/\\\/box5757.temp.domains\\\/~mitcreat\\\/#organization\",\"name\":\"MIT creators\",\"alternateName\":\"MIT creators\",\"url\":\"http:\\\/\\\/box5757.temp.domains\\\/~mitcreat\\\/\",\"logo\":{\"@type\":\"ImageObject\",\"inLanguage\":\"es\",\"@id\":\"http:\\\/\\\/box5757.temp.domains\\\/~mitcreat\\\/#\\\/schema\\\/logo\\\/image\\\/\",\"url\":\"\",\"contentUrl\":\"\",\"width\":133,\"height\":89,\"caption\":\"MIT creators\"},\"image\":{\"@id\":\"http:\\\/\\\/box5757.temp.domains\\\/~mitcreat\\\/#\\\/schema\\\/logo\\\/image\\\/\"},\"sameAs\":[\"https:\\\/\\\/www.linkedin.com\\\/in\\\/mitcreators\\\/\"]}]}<\/script>\n<!-- \/ Yoast SEO plugin. -->","yoast_head_json":{"title":"Sostenibilidad en acci\u00f3n | MIT creators","robots":{"index":"index","follow":"follow","max-snippet":"max-snippet:-1","max-image-preview":"max-image-preview:large","max-video-preview":"max-video-preview:-1"},"canonical":"https:\/\/mitcreators.com\/es\/sostenibilidad-en-accion\/","og_locale":"es_ES","og_type":"article","og_title":"Sostenibilidad en acci\u00f3n | MIT creators","og_description":"Sostenibilidad en acci\u00f3n En MIT Creators, no tratamos la sostenibilidad como una moda. Es nuestra forma de hacer negocios. Nuestro equipo aporta una mentalidad orientada a la consecuci\u00f3n de objetivos a cada fase de su evento, ayud\u00e1ndole a alcanzar sus metas en materia de ASG al tiempo que ofrece experiencias inolvidables. Una sostenibilidad que hace [&hellip;]","og_url":"https:\/\/mitcreators.com\/es\/sostenibilidad-en-accion\/","og_site_name":"MIT creators","article_modified_time":"2025-05-23T18:05:37+00:00","og_image":[{"url":"https:\/\/mitcreators.com\/wp-content\/uploads\/2025\/04\/sustainability-in-action-small.webp","type":"","width":"","height":""}],"twitter_card":"summary_large_image","twitter_misc":{"Tiempo de lectura":"2 minutos"},"schema":{"@context":"https:\/\/schema.org","@graph":[{"@type":"WebPage","@id":"https:\/\/mitcreators.com\/es\/sostenibilidad-en-accion\/","url":"https:\/\/mitcreators.com\/es\/sostenibilidad-en-accion\/","name":"Sostenibilidad en acci\u00f3n | MIT creators","isPartOf":{"@id":"http:\/\/box5757.temp.domains\/~mitcreat\/#website"},"primaryImageOfPage":{"@id":"https:\/\/mitcreators.com\/es\/sostenibilidad-en-accion\/#primaryimage"},"image":{"@id":"https:\/\/mitcreators.com\/es\/sostenibilidad-en-accion\/#primaryimage"},"thumbnailUrl":"https:\/\/mitcreators.com\/wp-content\/uploads\/2025\/04\/sustainability-in-action-small.webp","datePublished":"2025-04-22T09:35:01+00:00","dateModified":"2025-05-23T18:05:37+00:00","breadcrumb":{"@id":"https:\/\/mitcreators.com\/es\/sostenibilidad-en-accion\/#breadcrumb"},"inLanguage":"es","potentialAction":[{"@type":"ReadAction","target":["https:\/\/mitcreators.com\/es\/sostenibilidad-en-accion\/"]}]},{"@type":"ImageObject","inLanguage":"es","@id":"https:\/\/mitcreators.com\/es\/sostenibilidad-en-accion\/#primaryimage","url":"https:\/\/mitcreators.com\/wp-content\/uploads\/2025\/04\/sustainability-in-action-small.webp","contentUrl":"https:\/\/mitcreators.com\/wp-content\/uploads\/2025\/04\/sustainability-in-action-small.webp"},{"@type":"BreadcrumbList","@id":"https:\/\/mitcreators.com\/es\/sostenibilidad-en-accion\/#breadcrumb","itemListElement":[{"@type":"ListItem","position":1,"name":"Home","item":"https:\/\/mitcreators.com\/es\/"},{"@type":"ListItem","position":2,"name":"Sostenibilidad en acci\u00f3n"}]},{"@type":"WebSite","@id":"http:\/\/box5757.temp.domains\/~mitcreat\/#website","url":"http:\/\/box5757.temp.domains\/~mitcreat\/","name":"MIT creators","description":"Marketing, incentive and travel solutions","publisher":{"@id":"http:\/\/box5757.temp.domains\/~mitcreat\/#organization"},"alternateName":"MIT","potentialAction":[{"@type":"SearchAction","target":{"@type":"EntryPoint","urlTemplate":"http:\/\/box5757.temp.domains\/~mitcreat\/?s={search_term_string}"},"query-input":{"@type":"PropertyValueSpecification","valueRequired":true,"valueName":"search_term_string"}}],"inLanguage":"es"},{"@type":"Organization","@id":"http:\/\/box5757.temp.domains\/~mitcreat\/#organization","name":"MIT creators","alternateName":"MIT creators","url":"http:\/\/box5757.temp.domains\/~mitcreat\/","logo":{"@type":"ImageObject","inLanguage":"es","@id":"http:\/\/box5757.temp.domains\/~mitcreat\/#\/schema\/logo\/image\/","url":"","contentUrl":"","width":133,"height":89,"caption":"MIT creators"},"image":{"@id":"http:\/\/box5757.temp.domains\/~mitcreat\/#\/schema\/logo\/image\/"},"sameAs":["https:\/\/www.linkedin.com\/in\/mitcreators\/"]}]}},"_links":{"self":[{"href":"https:\/\/mitcreators.com\/es\/wp-json\/wp\/v2\/pages\/4765","targetHints":{"allow":["GET"]}}],"collection":[{"href":"https:\/\/mitcreators.com\/es\/wp-json\/wp\/v2\/pages"}],"about":[{"href":"https:\/\/mitcreators.com\/es\/wp-json\/wp\/v2\/types\/page"}],"author":[{"embeddable":true,"href":"https:\/\/mitcreators.com\/es\/wp-json\/wp\/v2\/users\/8"}],"replies":[{"embeddable":true,"href":"https:\/\/mitcreators.com\/es\/wp-json\/wp\/v2\/comments?post=4765"}],"version-history":[{"count":4,"href":"https:\/\/mitcreators.com\/es\/wp-json\/wp\/v2\/pages\/4765\/revisions"}],"predecessor-version":[{"id":5114,"href":"https:\/\/mitcreators.com\/es\/wp-json\/wp\/v2\/pages\/4765\/revisions\/5114"}],"wp:attachment":[{"href":"https:\/\/mitcreators.com\/es\/wp-json\/wp\/v2\/media?parent=4765"}],"curies":[{"name":"wp","href":"https:\/\/api.w.org\/{rel}","templated":true}]}}