{"id":4771,"date":"2025-02-12T08:41:33","date_gmt":"2025-02-12T07:41:33","guid":{"rendered":"https:\/\/mitcreators.com\/blog\/"},"modified":"2025-05-23T11:35:56","modified_gmt":"2025-05-23T09:35:56","slug":"blog","status":"publish","type":"page","link":"https:\/\/mitcreators.com\/es\/blog\/","title":{"rendered":"Blog"},"content":{"rendered":"\t\t<div data-elementor-type=\"wp-page\" data-elementor-id=\"4771\" class=\"elementor elementor-4771 elementor-3478\" data-elementor-post-type=\"page\">\n\t\t\t\t<div class=\"elementor-element elementor-element-5f1e2be e-flex e-con-boxed e-con e-parent\" data-id=\"5f1e2be\" data-element_type=\"container\" data-e-type=\"container\">\n\t\t\t\t\t<div class=\"e-con-inner\">\n\t\t\t\t<div class=\"elementor-element elementor-element-8e843cf elementor-grid-2 elementor-grid-tablet-2 elementor-grid-mobile-1 elementor-posts--thumbnail-top elementor-posts--show-avatar elementor-card-shadow-yes elementor-posts__hover-gradient elementor-widget elementor-widget-posts\" data-id=\"8e843cf\" data-element_type=\"widget\" data-e-type=\"widget\" data-settings=\"{&quot;cards_columns&quot;:&quot;2&quot;,&quot;pagination_type&quot;:&quot;load_more_infinite_scroll&quot;,&quot;cards_columns_tablet&quot;:&quot;2&quot;,&quot;cards_columns_mobile&quot;:&quot;1&quot;,&quot;cards_row_gap&quot;:{&quot;unit&quot;:&quot;px&quot;,&quot;size&quot;:35,&quot;sizes&quot;:[]},&quot;cards_row_gap_laptop&quot;:{&quot;unit&quot;:&quot;px&quot;,&quot;size&quot;:&quot;&quot;,&quot;sizes&quot;:[]},&quot;cards_row_gap_tablet&quot;:{&quot;unit&quot;:&quot;px&quot;,&quot;size&quot;:&quot;&quot;,&quot;sizes&quot;:[]},&quot;cards_row_gap_mobile&quot;:{&quot;unit&quot;:&quot;px&quot;,&quot;size&quot;:&quot;&quot;,&quot;sizes&quot;:[]},&quot;load_more_spinner&quot;:{&quot;value&quot;:&quot;fas fa-spinner&quot;,&quot;library&quot;:&quot;fa-solid&quot;}}\" data-widget_type=\"posts.cards\">\n\t\t\t\t<div class=\"elementor-widget-container\">\n\t\t\t\t\t\t\t<div class=\"elementor-posts-container elementor-posts elementor-posts--skin-cards elementor-grid\" role=\"list\">\n\t\t\t\t<article class=\"elementor-post elementor-grid-item post-5124 post type-post status-publish format-standard has-post-thumbnail hentry category-viajar tag-activaciones-de-marca-barcelona tag-ferias-espana tag-los-mejores-lugares-para-eventos-de-empresa tag-roadshows-es tag-viajes-de-incentivo\" role=\"listitem\">\n\t\t\t<div class=\"elementor-post__card\">\n\t\t\t\t<a class=\"elementor-post__thumbnail__link\" href=\"https:\/\/mitcreators.com\/es\/blog\/road-show-espana-4-elementos-esenciales-del-roadshow-que-no-puede-perderse\/\" tabindex=\"-1\" ><div class=\"elementor-post__thumbnail\"><img loading=\"lazy\" decoding=\"async\" loading=\"lazy\" width=\"300\" height=\"225\" src=\"https:\/\/mitcreators.com\/wp-content\/uploads\/2025\/05\/conferences-in-spain-300x225.webp\" class=\"attachment-medium size-medium wp-image-4844\" alt=\"Executive presenting to a crowd in a conference in Spain\" srcset=\"https:\/\/mitcreators.com\/wp-content\/uploads\/2025\/05\/conferences-in-spain-300x225.webp 300w, https:\/\/mitcreators.com\/wp-content\/uploads\/2025\/05\/conferences-in-spain.webp 600w\" sizes=\"auto, (max-width: 300px) 100vw, 300px\" \/><\/div><\/a>\n\t\t\t\t<div class=\"elementor-post__avatar\">\n\t\t\t\t\t<\/div>\n\t\t\t\t<div class=\"elementor-post__text\">\n\t\t\t\t<h3 class=\"elementor-post__title\">\n\t\t\t<a href=\"https:\/\/mitcreators.com\/es\/blog\/road-show-espana-4-elementos-esenciales-del-roadshow-que-no-puede-perderse\/\" >\n\t\t\t\tRoad show Espa\u00f1a: 4 elementos esenciales del roadshow que no puede perderse\t\t\t<\/a>\n\t\t<\/h3>\n\t\t\t\t<div class=\"elementor-post__excerpt\">\n\t\t\t<p>C\u00f3mo organizar eventos itinerantes coherentes y de gran impacto en distintas ciudades y por qu\u00e9 Espa\u00f1a es el escenario perfecto. \u00bfEst\u00e1 planeando un roadshow en<\/p>\n\t\t<\/div>\n\t\t\n\t\t<a class=\"elementor-post__read-more\" href=\"https:\/\/mitcreators.com\/es\/blog\/road-show-espana-4-elementos-esenciales-del-roadshow-que-no-puede-perderse\/\" aria-label=\"M\u00e1s informaci\u00f3n sobre Road show Espa\u00f1a: 4 elementos esenciales del roadshow que no puede perderse\" tabindex=\"-1\" >\n\t\t\tLeer M\u00e1s\t\t<\/a>\n\n\t\t\t\t<\/div>\n\t\t\t\t\t<\/div>\n\t\t<\/article>\n\t\t\t\t<article class=\"elementor-post elementor-grid-item post-5127 post type-post status-publish format-standard has-post-thumbnail hentry tag-activaciones-de-marca-barcelona tag-eventos-en-barcelona-2025 tag-los-mejores-lugares-para-eventos-de-empresa\" role=\"listitem\">\n\t\t\t<div class=\"elementor-post__card\">\n\t\t\t\t<a class=\"elementor-post__thumbnail__link\" href=\"https:\/\/mitcreators.com\/es\/blog\/por-que-barcelona-es-perfecta-para-su-proximo-viaje-de-incentivo\/\" tabindex=\"-1\" ><div class=\"elementor-post__thumbnail\"><img loading=\"lazy\" decoding=\"async\" loading=\"lazy\" width=\"300\" height=\"200\" src=\"https:\/\/mitcreators.com\/wp-content\/uploads\/2025\/04\/barcelona-inspira-thought-bubble-place-de-catalunya-spain-53827450-300x200.webp\" class=\"attachment-medium size-medium wp-image-3795\" alt=\"Barcelona inspire\" srcset=\"https:\/\/mitcreators.com\/wp-content\/uploads\/2025\/04\/barcelona-inspira-thought-bubble-place-de-catalunya-spain-53827450-300x200.webp 300w, https:\/\/mitcreators.com\/wp-content\/uploads\/2025\/04\/barcelona-inspira-thought-bubble-place-de-catalunya-spain-53827450-768x513.webp 768w, https:\/\/mitcreators.com\/wp-content\/uploads\/2025\/04\/barcelona-inspira-thought-bubble-place-de-catalunya-spain-53827450.webp 800w\" sizes=\"auto, (max-width: 300px) 100vw, 300px\" \/><\/div><\/a>\n\t\t\t\t<div class=\"elementor-post__avatar\">\n\t\t\t\t\t<\/div>\n\t\t\t\t<div class=\"elementor-post__text\">\n\t\t\t\t<h3 class=\"elementor-post__title\">\n\t\t\t<a href=\"https:\/\/mitcreators.com\/es\/blog\/por-que-barcelona-es-perfecta-para-su-proximo-viaje-de-incentivo\/\" >\n\t\t\t\tPor qu\u00e9 Barcelona es perfecta para su pr\u00f3ximo viaje de incentivo\t\t\t<\/a>\n\t\t<\/h3>\n\t\t\t\t<div class=\"elementor-post__excerpt\">\n\t\t\t<p>A la hora de planificar un viaje de incentivo memorable a Barcelona, pocas ciudades ofrecen la misma mezcla de riqueza cultural, comodidades modernas y potencial<\/p>\n\t\t<\/div>\n\t\t\n\t\t<a class=\"elementor-post__read-more\" href=\"https:\/\/mitcreators.com\/es\/blog\/por-que-barcelona-es-perfecta-para-su-proximo-viaje-de-incentivo\/\" aria-label=\"M\u00e1s informaci\u00f3n sobre Por qu\u00e9 Barcelona es perfecta para su pr\u00f3ximo viaje de incentivo\" tabindex=\"-1\" >\n\t\t\tLeer M\u00e1s\t\t<\/a>\n\n\t\t\t\t<\/div>\n\t\t\t\t\t<\/div>\n\t\t<\/article>\n\t\t\t\t<article class=\"elementor-post elementor-grid-item post-5125 post type-post status-publish format-standard has-post-thumbnail hentry tag-eventos-ecologicos tag-eventos-sostenibles tag-los-mejores-lugares-para-eventos-de-empresa\" role=\"listitem\">\n\t\t\t<div class=\"elementor-post__card\">\n\t\t\t\t<a class=\"elementor-post__thumbnail__link\" href=\"https:\/\/mitcreators.com\/es\/blog\/barcelona-uno-de-los-destinos-de-eventos-mas-sostenibles-de-europa\/\" tabindex=\"-1\" ><div class=\"elementor-post__thumbnail\"><img loading=\"lazy\" decoding=\"async\" loading=\"lazy\" width=\"300\" height=\"169\" src=\"https:\/\/mitcreators.com\/wp-content\/uploads\/2025\/05\/ciudad-sostenible-300x169.webp\" class=\"attachment-medium size-medium wp-image-4559\" alt=\"Building in Barcelona with trees in the balcony\" srcset=\"https:\/\/mitcreators.com\/wp-content\/uploads\/2025\/05\/ciudad-sostenible-300x169.webp 300w, https:\/\/mitcreators.com\/wp-content\/uploads\/2025\/05\/ciudad-sostenible-1000x563.webp 1000w, https:\/\/mitcreators.com\/wp-content\/uploads\/2025\/05\/ciudad-sostenible-768x432.webp 768w, https:\/\/mitcreators.com\/wp-content\/uploads\/2025\/05\/ciudad-sostenible-1536x864.webp 1536w, https:\/\/mitcreators.com\/wp-content\/uploads\/2025\/05\/ciudad-sostenible.jpeg 1920w\" sizes=\"auto, (max-width: 300px) 100vw, 300px\" \/><\/div><\/a>\n\t\t\t\t<div class=\"elementor-post__avatar\">\n\t\t\t\t\t<\/div>\n\t\t\t\t<div class=\"elementor-post__text\">\n\t\t\t\t<h3 class=\"elementor-post__title\">\n\t\t\t<a href=\"https:\/\/mitcreators.com\/es\/blog\/barcelona-uno-de-los-destinos-de-eventos-mas-sostenibles-de-europa\/\" >\n\t\t\t\tBarcelona, uno de los destinos de eventos m\u00e1s sostenibles de Europa\t\t\t<\/a>\n\t\t<\/h3>\n\t\t\t\t<div class=\"elementor-post__excerpt\">\n\t\t\t<p>En los \u00faltimos a\u00f1os, Barcelona ha emergido como l\u00edder mundial en sostenibilidad urbana. No solo ofrece una rica historia y una arquitectura de primera clase,<\/p>\n\t\t<\/div>\n\t\t\n\t\t<a class=\"elementor-post__read-more\" href=\"https:\/\/mitcreators.com\/es\/blog\/barcelona-uno-de-los-destinos-de-eventos-mas-sostenibles-de-europa\/\" aria-label=\"M\u00e1s informaci\u00f3n sobre Barcelona, uno de los destinos de eventos m\u00e1s sostenibles de Europa\" tabindex=\"-1\" >\n\t\t\tLeer M\u00e1s\t\t<\/a>\n\n\t\t\t\t<\/div>\n\t\t\t\t\t<\/div>\n\t\t<\/article>\n\t\t\t\t<article class=\"elementor-post elementor-grid-item post-4758 post type-post status-publish format-standard has-post-thumbnail hentry category-viajar tag-eco-hoteles-barcelona tag-eco-retiro-barcelona tag-eventos-sostenibles tag-hotel-sostenible tag-hoteles-ecologicos-barcelona\" role=\"listitem\">\n\t\t\t<div class=\"elementor-post__card\">\n\t\t\t\t<a class=\"elementor-post__thumbnail__link\" href=\"https:\/\/mitcreators.com\/es\/blog\/hoteles-sostenibles-cerca-de-barcelona\/\" tabindex=\"-1\" ><div class=\"elementor-post__thumbnail\"><img loading=\"lazy\" decoding=\"async\" loading=\"lazy\" width=\"300\" height=\"188\" src=\"https:\/\/mitcreators.com\/wp-content\/uploads\/2025\/05\/bubble-suites-300x188.webp\" class=\"attachment-medium size-medium wp-image-4838\" alt=\"Experimente una habitaci\u00f3n con c\u00fapula geod\u00e9sica \u00fanica en Barcelona con vistas impresionantes, dise\u00f1o ecol\u00f3gico y comodidades de lujo, por MIT Creators DMC.\" srcset=\"https:\/\/mitcreators.com\/wp-content\/uploads\/2025\/05\/bubble-suites-300x188.webp 300w, https:\/\/mitcreators.com\/wp-content\/uploads\/2025\/05\/bubble-suites-1000x627.webp 1000w, https:\/\/mitcreators.com\/wp-content\/uploads\/2025\/05\/bubble-suites-768x481.webp 768w, https:\/\/mitcreators.com\/wp-content\/uploads\/2025\/05\/bubble-suites-1536x962.webp 1536w, https:\/\/mitcreators.com\/wp-content\/uploads\/2025\/05\/bubble-suites.webp 1920w\" sizes=\"auto, (max-width: 300px) 100vw, 300px\" \/><\/div><\/a>\n\t\t\t\t<div class=\"elementor-post__avatar\">\n\t\t\t\t\t<\/div>\n\t\t\t\t<div class=\"elementor-post__text\">\n\t\t\t\t<h3 class=\"elementor-post__title\">\n\t\t\t<a href=\"https:\/\/mitcreators.com\/es\/blog\/hoteles-sostenibles-cerca-de-barcelona\/\" >\n\t\t\t\tHoteles sostenibles cerca de Barcelona\t\t\t<\/a>\n\t\t<\/h3>\n\t\t\t\t<div class=\"elementor-post__excerpt\">\n\t\t\t<p>Cuando quiera desconectar sin comprometer sus valores, un hotel sostenible cerca de Barcelona le ofrece el equilibrio perfecto entre naturaleza, comodidad y viaje consciente. Afortunadamente,<\/p>\n\t\t<\/div>\n\t\t\n\t\t<a class=\"elementor-post__read-more\" href=\"https:\/\/mitcreators.com\/es\/blog\/hoteles-sostenibles-cerca-de-barcelona\/\" aria-label=\"M\u00e1s informaci\u00f3n sobre Hoteles sostenibles cerca de Barcelona\" tabindex=\"-1\" >\n\t\t\tLeer M\u00e1s\t\t<\/a>\n\n\t\t\t\t<\/div>\n\t\t\t\t\t<\/div>\n\t\t<\/article>\n\t\t\t\t<article class=\"elementor-post elementor-grid-item post-5150 post type-post status-publish format-standard hentry category-viajar tag-carbono-cero tag-eventos-ecologicos tag-eventos-sostenibles tag-incentivos-de-viaje tag-los-mejores-lugares-para-eventos-de-empresa tag-planificacion-de-eventos tag-programas-de-viajes-de-negocios tag-viajes-de-incentivo\" role=\"listitem\">\n\t\t\t<div class=\"elementor-post__card\">\n\t\t\t\t<div class=\"elementor-post__text\">\n\t\t\t\t<h3 class=\"elementor-post__title\">\n\t\t\t<a href=\"https:\/\/mitcreators.com\/es\/blog\/que-hace-de-islandia-el-destino-perfecto-para-viajes-de-incentivo\/\" >\n\t\t\t\t\u00bfQu\u00e9 hace de Islandia el destino perfecto para viajes de incentivo?\t\t\t<\/a>\n\t\t<\/h3>\n\t\t\t\t<div class=\"elementor-post__excerpt\">\n\t\t\t<p>Islandia est\u00e1 viviendo un momento especial, y no s\u00f3lo entre los aventureros. En 2025, se est\u00e1 convirtiendo en uno de los principales destinos de viajes<\/p>\n\t\t<\/div>\n\t\t\n\t\t<a class=\"elementor-post__read-more\" href=\"https:\/\/mitcreators.com\/es\/blog\/que-hace-de-islandia-el-destino-perfecto-para-viajes-de-incentivo\/\" aria-label=\"M\u00e1s informaci\u00f3n sobre \u00bfQu\u00e9 hace de Islandia el destino perfecto para viajes de incentivo?\" tabindex=\"-1\" >\n\t\t\tLeer M\u00e1s\t\t<\/a>\n\n\t\t\t\t<\/div>\n\t\t\t\t\t<\/div>\n\t\t<\/article>\n\t\t\t\t<article class=\"elementor-post elementor-grid-item post-5131 post type-post status-publish format-standard has-post-thumbnail hentry category-viajar tag-destino-del-evento tag-dmc-es tag-empresas-internacionales\" role=\"listitem\">\n\t\t\t<div class=\"elementor-post__card\">\n\t\t\t\t<a class=\"elementor-post__thumbnail__link\" href=\"https:\/\/mitcreators.com\/es\/blog\/los-5-mejores-destinos-para-eventos-en-2025-donde-deberia-celebrarse-su-proximo-acto\/\" tabindex=\"-1\" ><div class=\"elementor-post__thumbnail\"><img loading=\"lazy\" decoding=\"async\" loading=\"lazy\" width=\"300\" height=\"162\" src=\"https:\/\/mitcreators.com\/wp-content\/uploads\/2025\/05\/6ebef0a3-2a18-4e0d-8dd4-8473115f531b-300x162.webp\" class=\"attachment-medium size-medium wp-image-4842\" alt=\"World map with main cities landmarks\" srcset=\"https:\/\/mitcreators.com\/wp-content\/uploads\/2025\/05\/6ebef0a3-2a18-4e0d-8dd4-8473115f531b-300x162.webp 300w, https:\/\/mitcreators.com\/wp-content\/uploads\/2025\/05\/6ebef0a3-2a18-4e0d-8dd4-8473115f531b-1000x538.webp 1000w, https:\/\/mitcreators.com\/wp-content\/uploads\/2025\/05\/6ebef0a3-2a18-4e0d-8dd4-8473115f531b-768x414.webp 768w, https:\/\/mitcreators.com\/wp-content\/uploads\/2025\/05\/6ebef0a3-2a18-4e0d-8dd4-8473115f531b.webp 1170w\" sizes=\"auto, (max-width: 300px) 100vw, 300px\" \/><\/div><\/a>\n\t\t\t\t<div class=\"elementor-post__avatar\">\n\t\t\t\t\t<\/div>\n\t\t\t\t<div class=\"elementor-post__text\">\n\t\t\t\t<h3 class=\"elementor-post__title\">\n\t\t\t<a href=\"https:\/\/mitcreators.com\/es\/blog\/los-5-mejores-destinos-para-eventos-en-2025-donde-deberia-celebrarse-su-proximo-acto\/\" >\n\t\t\t\tLos 5 mejores destinos para eventos en 2025: d\u00f3nde deber\u00eda celebrarse su pr\u00f3ximo acto\t\t\t<\/a>\n\t\t<\/h3>\n\t\t\t\t<div class=\"elementor-post__excerpt\">\n\t\t\t<p>\u2708\ufe0f El destino define la experiencia Los 5 mejores destinos para eventos en 2025: d\u00f3nde deber\u00eda celebrarse su pr\u00f3ximo acto El destino adecuado para un<\/p>\n\t\t<\/div>\n\t\t\n\t\t<a class=\"elementor-post__read-more\" href=\"https:\/\/mitcreators.com\/es\/blog\/los-5-mejores-destinos-para-eventos-en-2025-donde-deberia-celebrarse-su-proximo-acto\/\" aria-label=\"M\u00e1s informaci\u00f3n sobre Los 5 mejores destinos para eventos en 2025: d\u00f3nde deber\u00eda celebrarse su pr\u00f3ximo acto\" tabindex=\"-1\" >\n\t\t\tLeer M\u00e1s\t\t<\/a>\n\n\t\t\t\t<\/div>\n\t\t\t\t\t<\/div>\n\t\t<\/article>\n\t\t\t\t<\/div>\n\t\t\t\t\t<span class=\"e-load-more-spinner\">\n\t\t\t\t<svg aria-hidden=\"true\" class=\"e-font-icon-svg e-fas-spinner\" viewBox=\"0 0 512 512\" xmlns=\"http:\/\/www.w3.org\/2000\/svg\"><path d=\"M304 48c0 26.51-21.49 48-48 48s-48-21.49-48-48 21.49-48 48-48 48 21.49 48 48zm-48 368c-26.51 0-48 21.49-48 48s21.49 48 48 48 48-21.49 48-48-21.49-48-48-48zm208-208c-26.51 0-48 21.49-48 48s21.49 48 48 48 48-21.49 48-48-21.49-48-48-48zM96 256c0-26.51-21.49-48-48-48S0 229.49 0 256s21.49 48 48 48 48-21.49 48-48zm12.922 99.078c-26.51 0-48 21.49-48 48s21.49 48 48 48 48-21.49 48-48c0-26.509-21.491-48-48-48zm294.156 0c-26.51 0-48 21.49-48 48s21.49 48 48 48 48-21.49 48-48c0-26.509-21.49-48-48-48zM108.922 60.922c-26.51 0-48 21.49-48 48s21.49 48 48 48 48-21.49 48-48-21.491-48-48-48z\"><\/path><\/svg>\t\t\t<\/span>\n\t\t\n\t\t\t\t<div class=\"e-load-more-anchor\" data-page=\"1\" data-max-page=\"2\" data-next-page=\"https:\/\/mitcreators.com\/es\/wp-json\/wp\/v2\/pages\/4771\/page\/2\/\"><\/div>\n\t\t\t\t<div class=\"e-load-more-message\"><\/div>\n\t\t\t\t\t\t<\/div>\n\t\t\t\t<\/div>\n\t\t\t\t\t<\/div>\n\t\t\t\t<\/div>\n\t\t\t\t<\/div>\n\t\t","protected":false},"excerpt":{"rendered":"","protected":false},"author":8,"featured_media":0,"parent":0,"menu_order":0,"comment_status":"closed","ping_status":"closed","template":"","meta":{"nf_dc_page":"","footnotes":""},"class_list":["post-4771","page","type-page","status-publish","hentry"],"yoast_head":"<!-- This site is optimized with the Yoast SEO plugin v27.4 - https:\/\/yoast.com\/product\/yoast-seo-wordpress\/ -->\n<title>Blog | MIT creators<\/title>\n<meta name=\"robots\" content=\"index, follow, max-snippet:-1, max-image-preview:large, max-video-preview:-1\" \/>\n<link rel=\"canonical\" href=\"https:\/\/mitcreators.com\/es\/blog\/\" \/>\n<meta property=\"og:locale\" content=\"es_ES\" \/>\n<meta property=\"og:type\" content=\"article\" \/>\n<meta property=\"og:title\" content=\"Blog | MIT creators\" \/>\n<meta property=\"og:url\" content=\"https:\/\/mitcreators.com\/es\/blog\/\" \/>\n<meta property=\"og:site_name\" content=\"MIT creators\" \/>\n<meta property=\"article:modified_time\" content=\"2025-05-23T09:35:56+00:00\" \/>\n<meta name=\"twitter:card\" content=\"summary_large_image\" \/>\n<script type=\"application\/ld+json\" class=\"yoast-schema-graph\">{\"@context\":\"https:\\\/\\\/schema.org\",\"@graph\":[{\"@type\":\"WebPage\",\"@id\":\"https:\\\/\\\/mitcreators.com\\\/es\\\/blog\\\/\",\"url\":\"https:\\\/\\\/mitcreators.com\\\/es\\\/blog\\\/\",\"name\":\"Blog | MIT creators\",\"isPartOf\":{\"@id\":\"http:\\\/\\\/box5757.temp.domains\\\/~mitcreat\\\/#website\"},\"datePublished\":\"2025-02-12T07:41:33+00:00\",\"dateModified\":\"2025-05-23T09:35:56+00:00\",\"breadcrumb\":{\"@id\":\"https:\\\/\\\/mitcreators.com\\\/es\\\/blog\\\/#breadcrumb\"},\"inLanguage\":\"es\",\"potentialAction\":[{\"@type\":\"ReadAction\",\"target\":[\"https:\\\/\\\/mitcreators.com\\\/es\\\/blog\\\/\"]}]},{\"@type\":\"BreadcrumbList\",\"@id\":\"https:\\\/\\\/mitcreators.com\\\/es\\\/blog\\\/#breadcrumb\",\"itemListElement\":[{\"@type\":\"ListItem\",\"position\":1,\"name\":\"Home\",\"item\":\"https:\\\/\\\/mitcreators.com\\\/es\\\/\"},{\"@type\":\"ListItem\",\"position\":2,\"name\":\"Blog\"}]},{\"@type\":\"WebSite\",\"@id\":\"http:\\\/\\\/box5757.temp.domains\\\/~mitcreat\\\/#website\",\"url\":\"http:\\\/\\\/box5757.temp.domains\\\/~mitcreat\\\/\",\"name\":\"MIT creators\",\"description\":\"Marketing, incentive and travel solutions\",\"publisher\":{\"@id\":\"http:\\\/\\\/box5757.temp.domains\\\/~mitcreat\\\/#organization\"},\"alternateName\":\"MIT\",\"potentialAction\":[{\"@type\":\"SearchAction\",\"target\":{\"@type\":\"EntryPoint\",\"urlTemplate\":\"http:\\\/\\\/box5757.temp.domains\\\/~mitcreat\\\/?s={search_term_string}\"},\"query-input\":{\"@type\":\"PropertyValueSpecification\",\"valueRequired\":true,\"valueName\":\"search_term_string\"}}],\"inLanguage\":\"es\"},{\"@type\":\"Organization\",\"@id\":\"http:\\\/\\\/box5757.temp.domains\\\/~mitcreat\\\/#organization\",\"name\":\"MIT creators\",\"alternateName\":\"MIT creators\",\"url\":\"http:\\\/\\\/box5757.temp.domains\\\/~mitcreat\\\/\",\"logo\":{\"@type\":\"ImageObject\",\"inLanguage\":\"es\",\"@id\":\"http:\\\/\\\/box5757.temp.domains\\\/~mitcreat\\\/#\\\/schema\\\/logo\\\/image\\\/\",\"url\":\"\",\"contentUrl\":\"\",\"width\":133,\"height\":89,\"caption\":\"MIT creators\"},\"image\":{\"@id\":\"http:\\\/\\\/box5757.temp.domains\\\/~mitcreat\\\/#\\\/schema\\\/logo\\\/image\\\/\"},\"sameAs\":[\"https:\\\/\\\/www.linkedin.com\\\/in\\\/mitcreators\\\/\"]}]}<\/script>\n<!-- \/ Yoast SEO plugin. -->","yoast_head_json":{"title":"Blog | MIT creators","robots":{"index":"index","follow":"follow","max-snippet":"max-snippet:-1","max-image-preview":"max-image-preview:large","max-video-preview":"max-video-preview:-1"},"canonical":"https:\/\/mitcreators.com\/es\/blog\/","og_locale":"es_ES","og_type":"article","og_title":"Blog | MIT creators","og_url":"https:\/\/mitcreators.com\/es\/blog\/","og_site_name":"MIT creators","article_modified_time":"2025-05-23T09:35:56+00:00","twitter_card":"summary_large_image","schema":{"@context":"https:\/\/schema.org","@graph":[{"@type":"WebPage","@id":"https:\/\/mitcreators.com\/es\/blog\/","url":"https:\/\/mitcreators.com\/es\/blog\/","name":"Blog | MIT creators","isPartOf":{"@id":"http:\/\/box5757.temp.domains\/~mitcreat\/#website"},"datePublished":"2025-02-12T07:41:33+00:00","dateModified":"2025-05-23T09:35:56+00:00","breadcrumb":{"@id":"https:\/\/mitcreators.com\/es\/blog\/#breadcrumb"},"inLanguage":"es","potentialAction":[{"@type":"ReadAction","target":["https:\/\/mitcreators.com\/es\/blog\/"]}]},{"@type":"BreadcrumbList","@id":"https:\/\/mitcreators.com\/es\/blog\/#breadcrumb","itemListElement":[{"@type":"ListItem","position":1,"name":"Home","item":"https:\/\/mitcreators.com\/es\/"},{"@type":"ListItem","position":2,"name":"Blog"}]},{"@type":"WebSite","@id":"http:\/\/box5757.temp.domains\/~mitcreat\/#website","url":"http:\/\/box5757.temp.domains\/~mitcreat\/","name":"MIT creators","description":"Marketing, incentive and travel solutions","publisher":{"@id":"http:\/\/box5757.temp.domains\/~mitcreat\/#organization"},"alternateName":"MIT","potentialAction":[{"@type":"SearchAction","target":{"@type":"EntryPoint","urlTemplate":"http:\/\/box5757.temp.domains\/~mitcreat\/?s={search_term_string}"},"query-input":{"@type":"PropertyValueSpecification","valueRequired":true,"valueName":"search_term_string"}}],"inLanguage":"es"},{"@type":"Organization","@id":"http:\/\/box5757.temp.domains\/~mitcreat\/#organization","name":"MIT creators","alternateName":"MIT creators","url":"http:\/\/box5757.temp.domains\/~mitcreat\/","logo":{"@type":"ImageObject","inLanguage":"es","@id":"http:\/\/box5757.temp.domains\/~mitcreat\/#\/schema\/logo\/image\/","url":"","contentUrl":"","width":133,"height":89,"caption":"MIT creators"},"image":{"@id":"http:\/\/box5757.temp.domains\/~mitcreat\/#\/schema\/logo\/image\/"},"sameAs":["https:\/\/www.linkedin.com\/in\/mitcreators\/"]}]}},"_links":{"self":[{"href":"https:\/\/mitcreators.com\/es\/wp-json\/wp\/v2\/pages\/4771","targetHints":{"allow":["GET"]}}],"collection":[{"href":"https:\/\/mitcreators.com\/es\/wp-json\/wp\/v2\/pages"}],"about":[{"href":"https:\/\/mitcreators.com\/es\/wp-json\/wp\/v2\/types\/page"}],"author":[{"embeddable":true,"href":"https:\/\/mitcreators.com\/es\/wp-json\/wp\/v2\/users\/8"}],"replies":[{"embeddable":true,"href":"https:\/\/mitcreators.com\/es\/wp-json\/wp\/v2\/comments?post=4771"}],"version-history":[{"count":3,"href":"https:\/\/mitcreators.com\/es\/wp-json\/wp\/v2\/pages\/4771\/revisions"}],"predecessor-version":[{"id":4945,"href":"https:\/\/mitcreators.com\/es\/wp-json\/wp\/v2\/pages\/4771\/revisions\/4945"}],"wp:attachment":[{"href":"https:\/\/mitcreators.com\/es\/wp-json\/wp\/v2\/media?parent=4771"}],"curies":[{"name":"wp","href":"https:\/\/api.w.org\/{rel}","templated":true}]}}